{"id":7804,"date":"2023-12-14T00:40:17","date_gmt":"2023-12-14T00:40:17","guid":{"rendered":"https:\/\/miasanclass.com\/?post_type=product&#038;p=7804"},"modified":"2024-01-06T01:12:11","modified_gmt":"2024-01-06T01:12:11","slug":"splash","status":"publish","type":"product","link":"https:\/\/miasanclass.com\/index.php\/urun\/splash\/","title":{"rendered":"SPLASH"},"content":{"rendered":"","protected":false},"excerpt":{"rendered":"<p style=\"font-family: Montserrat; color: black; font-weight: bold;\">\u00dcr\u00fcn \u00d6l\u00e7\u00fcleri<\/p>\n<table>\n<tbody>\n<tr>\n<td><img loading=\"lazy\" decoding=\"async\" class=\"alignnone size-full wp-image-7874\" src=\"https:\/\/miasanclass.com\/wp-content\/uploads\/2023\/12\/1.png\" alt=\"\" width=\"75\" height=\"75\" srcset=\"https:\/\/miasanclass.com\/wp-content\/uploads\/2023\/12\/1.png 180w, https:\/\/miasanclass.com\/wp-content\/uploads\/2023\/12\/1-150x150.png 150w\" sizes=\"auto, (max-width: 75px) 100vw, 75px\" \/><\/td>\n<td><img loading=\"lazy\" decoding=\"async\" class=\"alignnone size-medium wp-image-7875\" src=\"https:\/\/miasanclass.com\/wp-content\/uploads\/2023\/12\/2.png\" alt=\"\" width=\"75\" height=\"75\" srcset=\"https:\/\/miasanclass.com\/wp-content\/uploads\/2023\/12\/2.png 180w, https:\/\/miasanclass.com\/wp-content\/uploads\/2023\/12\/2-150x150.png 150w\" sizes=\"auto, (max-width: 75px) 100vw, 75px\" \/><\/td>\n<td><img loading=\"lazy\" decoding=\"async\" class=\"alignnone size-medium wp-image-7876\" src=\"https:\/\/miasanclass.com\/wp-content\/uploads\/2023\/12\/3.png\" alt=\"\" width=\"75\" height=\"75\" srcset=\"https:\/\/miasanclass.com\/wp-content\/uploads\/2023\/12\/3.png 180w, https:\/\/miasanclass.com\/wp-content\/uploads\/2023\/12\/3-150x150.png 150w\" sizes=\"auto, (max-width: 75px) 100vw, 75px\" \/><\/td>\n<td><img loading=\"lazy\" decoding=\"async\" class=\"alignnone size-medium wp-image-7877\" src=\"https:\/\/miasanclass.com\/wp-content\/uploads\/2023\/12\/4.png\" alt=\"\" width=\"75\" height=\"75\" srcset=\"https:\/\/miasanclass.com\/wp-content\/uploads\/2023\/12\/4.png 180w, https:\/\/miasanclass.com\/wp-content\/uploads\/2023\/12\/4-150x150.png 150w\" sizes=\"auto, (max-width: 75px) 100vw, 75px\" \/><\/td>\n<td><img loading=\"lazy\" decoding=\"async\" class=\"alignnone wp-image-7878\" src=\"https:\/\/miasanclass.com\/wp-content\/uploads\/2023\/12\/5.png\" alt=\"\" width=\"75\" height=\"75\" srcset=\"https:\/\/miasanclass.com\/wp-content\/uploads\/2023\/12\/5.png 180w, https:\/\/miasanclass.com\/wp-content\/uploads\/2023\/12\/5-150x150.png 150w\" sizes=\"auto, (max-width: 75px) 100vw, 75px\" \/><\/td>\n<\/tr>\n<tr>\n<td style=\"text-align: center;\">78cm<\/td>\n<td style=\"text-align: center;\">64cm<\/td>\n<td style=\"text-align: center;\">47cm<\/td>\n<td style=\"text-align: center;\">65cm<\/td>\n<td style=\"text-align: center;\">11kg<\/td>\n<\/tr>\n<\/tbody>\n<\/table>\n","protected":false},"featured_media":7805,"comment_status":"closed","ping_status":"closed","template":"","meta":[],"product_cat":[80],"product_tag":[],"class_list":["post-7804","product","type-product","status-publish","has-post-thumbnail","hentry","product_cat-ic-mekan-sandalyeleri"],"_links":{"self":[{"href":"https:\/\/miasanclass.com\/index.php\/wp-json\/wp\/v2\/product\/7804","targetHints":{"allow":["GET"]}}],"collection":[{"href":"https:\/\/miasanclass.com\/index.php\/wp-json\/wp\/v2\/product"}],"about":[{"href":"https:\/\/miasanclass.com\/index.php\/wp-json\/wp\/v2\/types\/product"}],"replies":[{"embeddable":true,"href":"https:\/\/miasanclass.com\/index.php\/wp-json\/wp\/v2\/comments?post=7804"}],"wp:featuredmedia":[{"embeddable":true,"href":"https:\/\/miasanclass.com\/index.php\/wp-json\/wp\/v2\/media\/7805"}],"wp:attachment":[{"href":"https:\/\/miasanclass.com\/index.php\/wp-json\/wp\/v2\/media?parent=7804"}],"wp:term":[{"taxonomy":"product_cat","embeddable":true,"href":"https:\/\/miasanclass.com\/index.php\/wp-json\/wp\/v2\/product_cat?post=7804"},{"taxonomy":"product_tag","embeddable":true,"href":"https:\/\/miasanclass.com\/index.php\/wp-json\/wp\/v2\/product_tag?post=7804"}],"curies":[{"name":"wp","href":"https:\/\/api.w.org\/{rel}","templated":true}]}}