{"id":5212,"date":"2021-08-25T07:26:28","date_gmt":"2021-08-25T07:26:28","guid":{"rendered":"http:\/\/dummy.xtemos.com\/woodmart2\/?page_id=5212"},"modified":"2024-01-06T02:35:22","modified_gmt":"2024-01-06T02:35:22","slug":"hakkimizda","status":"publish","type":"page","link":"https:\/\/miasanclass.com\/index.php\/hakkimizda\/","title":{"rendered":"Hakk\u0131m\u0131zda"},"content":{"rendered":"<div class=\"wpb-content-wrapper\"><p>[vc_row content_placement=&#8221;middle&#8221; woodmart_css_id=&#8221;6598bc20beb73&#8243; responsive_spacing=&#8221;eyJwYXJhbV90eXBlIjoid29vZG1hcnRfcmVzcG9uc2l2ZV9zcGFjaW5nIiwic2VsZWN0b3JfaWQiOiI2NTk4YmMyMGJlYjczIiwic2hvcnRjb2RlIjoidmNfcm93IiwiZGF0YSI6eyJ0YWJsZXQiOnt9LCJtb2JpbGUiOnt9fX0=&#8221; mobile_bg_img_hidden=&#8221;no&#8221; tablet_bg_img_hidden=&#8221;no&#8221; woodmart_parallax=&#8221;0&#8243; woodmart_gradient_switch=&#8221;no&#8221; woodmart_box_shadow=&#8221;no&#8221; wd_z_index=&#8221;no&#8221; woodmart_disable_overflow=&#8221;0&#8243; row_reverse_mobile=&#8221;0&#8243; row_reverse_tablet=&#8221;0&#8243; el_class=&#8221;m-top&#8221;][vc_column][vc_custom_heading text=&#8221;HAKKIMIZDA&#8221; font_container=&#8221;tag:h1|font_size:22px|text_align:left|color:%23000000&#8243; google_fonts=&#8221;font_family:Montserrat%3Aregular%2C700|font_style:400%20regular%3A400%3Anormal&#8221; css=&#8221;.vc_custom_1702015382124{margin-top: 4vh !important;}&#8221;][vc_separator color=&#8221;chino&#8221; align=&#8221;align_left&#8221; el_width=&#8221;70&#8243; wd_hide_on_desktop=&#8221;no&#8221; wd_hide_on_tablet=&#8221;no&#8221; wd_hide_on_mobile=&#8221;no&#8221;][vc_column_text woodmart_inline=&#8221;no&#8221; text_larger=&#8221;no&#8221;]<\/p>\n<p style=\"text-align: left; font-family: Montserrat;\"><strong>MIASANCLASS<\/strong> olarak, <strong>2015<\/strong> y\u0131l\u0131nda mobilya d\u00fcnyas\u0131n\u0131n kalbi olan <strong>Bursa \u0130neg\u00f6l<\/strong>&#8216;de ba\u015flatt\u0131\u011f\u0131m\u0131z \u00fcretim ser\u00fcvenimizde, tasar\u0131m, ergonomi ve kaliteyi bir araya getirerek m\u00fc\u015fterilerimize \u00fcst\u00fcn hizmet sunma misyonuyla ilerliyoruz. Mobilya sekt\u00f6r\u00fcndeki uzmanl\u0131\u011f\u0131m\u0131z\u0131 ve tutkumuzu birle\u015ftirerek, sandalye \u00fcretimindeki ba\u015flang\u0131\u00e7 hedefimizi geni\u015fleterek yola \u00e7\u0131kt\u0131k.<\/p>\n<p style=\"text-align: left; font-family: Montserrat;\">Amac\u0131m\u0131z, i\u015f ortaklar\u0131m\u0131z ve sevgili m\u00fc\u015fterilerimize en y\u00fcksek kalitede konforu sunarak, ya\u015fam alanlar\u0131n\u0131z\u0131 daha estetik ve <strong>fonksiyonel<\/strong> hale getirmektir. \u00dcr\u00fcnlerimizdeki tasar\u0131m <strong>esteti\u011fi<\/strong>, <strong>ergonomik<\/strong> \u00f6zellikler ve kalite standartlar\u0131yla \u00f6ne \u00e7\u0131karak, her bir \u00fcr\u00fcn\u00fcm\u00fcz\u00fc \u00f6zenle \u00fcretiyor ve sizlere sunuyoruz.<\/p>\n<p style=\"text-align: left; font-family: Montserrat;\">2015&#8217;ten bu yana s\u00fcregelen bu ba\u015far\u0131 yolculu\u011fumuzda, sekt\u00f6rdeki geli\u015fmeleri yak\u0131ndan takip ediyor ve en yeni trendleri en kaliteli \u015fekilde m\u00fc\u015fterilerimize sunma \u00e7abas\u0131 i\u00e7indeyiz. <strong>M\u00fc\u015fteri memnuniyetini<\/strong> her zaman \u00f6ncelik olarak g\u00f6ren <strong>M\u0130ASANCLASS,<\/strong> gelecekte de en yeni \u00fcr\u00fcnlerle ve tasar\u0131mlarla t\u00fcm ya\u015fam alanlar\u0131n\u0131zda sizlerle bulu\u015fmay\u0131 s\u00fcrd\u00fcrecek.<\/p>\n<p style=\"text-align: left; font-family: Montserrat;\">Bizimle birlikte, kalite, estetik ve konforun m\u00fckemmel bir bulu\u015fmas\u0131n\u0131 ya\u015fayarak, evinizin veya i\u015fyerinizin atmosferini daha da \u00f6zel k\u0131labilirsiniz. <strong>M\u0130ASANCLASS<\/strong> olarak, sizlere en iyi hizmeti sunmak i\u00e7in var g\u00fcc\u00fcm\u00fczle \u00e7al\u0131\u015fmaya devam ediyoruz.<\/p>\n<p>[\/vc_column_text][\/vc_column][\/vc_row]<\/p>\n<\/div>","protected":false},"excerpt":{"rendered":"<p>[vc_row content_placement=&#8221;middle&#8221; woodmart_css_id=&#8221;6598bc20beb73&#8243; responsive_spacing=&#8221;eyJwYXJhbV90eXBlIjoid29vZG1hcnRfcmVzcG9uc2l2ZV9zcGFjaW5nIiwic2VsZWN0b3JfaWQiOiI2NTk4YmMyMGJlYjczIiwic2hvcnRjb2RlIjoidmNfcm93IiwiZGF0YSI6eyJ0YWJsZXQiOnt9LCJtb2JpbGUiOnt9fX0=&#8221; mobile_bg_img_hidden=&#8221;no&#8221; tablet_bg_img_hidden=&#8221;no&#8221; woodmart_parallax=&#8221;0&#8243; woodmart_gradient_switch=&#8221;no&#8221; woodmart_box_shadow=&#8221;no&#8221; wd_z_index=&#8221;no&#8221; woodmart_disable_overflow=&#8221;0&#8243; row_reverse_mobile=&#8221;0&#8243; row_reverse_tablet=&#8221;0&#8243; el_class=&#8221;m-top&#8221;][vc_column][vc_custom_heading text=&#8221;HAKKIMIZDA&#8221; font_container=&#8221;tag:h1|font_size:22px|text_align:left|color:%23000000&#8243; google_fonts=&#8221;font_family:Montserrat%3Aregular%2C700|font_style:400%20regular%3A400%3Anormal&#8221; css=&#8221;.vc_custom_1702015382124{margin-top: 4vh !important;}&#8221;][vc_separator<\/p>\n","protected":false},"author":1,"featured_media":0,"parent":0,"menu_order":0,"comment_status":"closed","ping_status":"closed","template":"","meta":{"footnotes":""},"class_list":["post-5212","page","type-page","status-publish","hentry"],"_links":{"self":[{"href":"https:\/\/miasanclass.com\/index.php\/wp-json\/wp\/v2\/pages\/5212","targetHints":{"allow":["GET"]}}],"collection":[{"href":"https:\/\/miasanclass.com\/index.php\/wp-json\/wp\/v2\/pages"}],"about":[{"href":"https:\/\/miasanclass.com\/index.php\/wp-json\/wp\/v2\/types\/page"}],"author":[{"embeddable":true,"href":"https:\/\/miasanclass.com\/index.php\/wp-json\/wp\/v2\/users\/1"}],"replies":[{"embeddable":true,"href":"https:\/\/miasanclass.com\/index.php\/wp-json\/wp\/v2\/comments?post=5212"}],"version-history":[{"count":17,"href":"https:\/\/miasanclass.com\/index.php\/wp-json\/wp\/v2\/pages\/5212\/revisions"}],"predecessor-version":[{"id":7949,"href":"https:\/\/miasanclass.com\/index.php\/wp-json\/wp\/v2\/pages\/5212\/revisions\/7949"}],"wp:attachment":[{"href":"https:\/\/miasanclass.com\/index.php\/wp-json\/wp\/v2\/media?parent=5212"}],"curies":[{"name":"wp","href":"https:\/\/api.w.org\/{rel}","templated":true}]}}